{"id":3278,"date":"2024-03-08T10:25:56","date_gmt":"2024-03-08T09:25:56","guid":{"rendered":"https:\/\/moto-nautika.com\/pogoji-poslovanja-3\/"},"modified":"2024-03-08T10:34:46","modified_gmt":"2024-03-08T09:34:46","slug":"garancijski-pogoji-grand","status":"publish","type":"page","link":"https:\/\/moto-nautika.com\/it\/garancijski-pogoji-grand\/","title":{"rendered":"Garancijski pogoji \u2013 GRAND"},"content":{"rendered":"\t\t<div data-elementor-type=\"wp-page\" data-elementor-id=\"3278\" class=\"elementor elementor-3278\" data-elementor-post-type=\"page\">\n\t\t\t\t<div class=\"elementor-element elementor-element-f5db1dd e-flex e-con-boxed e-con e-parent\" data-id=\"f5db1dd\" data-element_type=\"container\">\n\t\t\t\t\t<div class=\"e-con-inner\">\n\t\t\t\t<div class=\"elementor-element elementor-element-c1f7ed6 elementor-widget elementor-widget-heading\" data-id=\"c1f7ed6\" data-element_type=\"widget\" data-widget_type=\"heading.default\">\n\t\t\t\t<div class=\"elementor-widget-container\">\n\t\t\t<style>\/*! elementor - v3.21.0 - 25-04-2024 *\/\n.elementor-heading-title{padding:0;margin:0;line-height:1}.elementor-widget-heading .elementor-heading-title[class*=elementor-size-]>a{color:inherit;font-size:inherit;line-height:inherit}.elementor-widget-heading .elementor-heading-title.elementor-size-small{font-size:15px}.elementor-widget-heading .elementor-heading-title.elementor-size-medium{font-size:19px}.elementor-widget-heading .elementor-heading-title.elementor-size-large{font-size:29px}.elementor-widget-heading .elementor-heading-title.elementor-size-xl{font-size:39px}.elementor-widget-heading .elementor-heading-title.elementor-size-xxl{font-size:59px}<\/style><h2 class=\"elementor-heading-title elementor-size-default\">Garancijski pogoji \u2013 GRAND<\/h2>\t\t<\/div>\n\t\t\t\t<\/div>\n\t\t\t\t<div class=\"elementor-element elementor-element-ce57915 elementor-widget elementor-widget-text-editor\" data-id=\"ce57915\" data-element_type=\"widget\" data-widget_type=\"text-editor.default\">\n\t\t\t\t<div class=\"elementor-widget-container\">\n\t\t\t<style>\/*! elementor - v3.21.0 - 25-04-2024 *\/\n.elementor-widget-text-editor.elementor-drop-cap-view-stacked .elementor-drop-cap{background-color:#69727d;color:#fff}.elementor-widget-text-editor.elementor-drop-cap-view-framed .elementor-drop-cap{color:#69727d;border:3px solid;background-color:transparent}.elementor-widget-text-editor:not(.elementor-drop-cap-view-default) .elementor-drop-cap{margin-top:8px}.elementor-widget-text-editor:not(.elementor-drop-cap-view-default) .elementor-drop-cap-letter{width:1em;height:1em}.elementor-widget-text-editor .elementor-drop-cap{float:left;text-align:center;line-height:1;font-size:50px}.elementor-widget-text-editor .elementor-drop-cap-letter{display:inline-block}<\/style>\t\t\t\t<p>Dobrodo\u0161li v svetu Grandovih plovil!<\/p><p>Hvala vam, da ste kupili gumenjak Grand. Upamo, da boste ob plovbi z njim pre\u017eiveli veliko prijetnih let. Prosimo vas, da si vzamete nekaj minut \u010dasa in preberete ta Garancijski priro\u010dnik. V njem boste na\u0161li veliko va\u017enih informacij o ugodnostih, ki vam jih nudi Grandova garancija. V spodnjem besedilu je podrobneje opisana veljava garancije, ki je sestavni del garancijskega lista. \u010ce imate kakr\u0161na koli vpra\u0161anja, se brez oklevanja obrnite na trgovca, pri katerem ste kupili plovilo.<\/p>\t\t\t\t\t\t<\/div>\n\t\t\t\t<\/div>\n\t\t\t\t<div class=\"elementor-element elementor-element-4ced527 elementor-widget elementor-widget-heading\" data-id=\"4ced527\" data-element_type=\"widget\" data-widget_type=\"heading.default\">\n\t\t\t\t<div class=\"elementor-widget-container\">\n\t\t\t<h2 class=\"elementor-heading-title elementor-size-default\">Garancijski pogoji:<\/h2>\t\t<\/div>\n\t\t\t\t<\/div>\n\t\t\t\t<div class=\"elementor-element elementor-element-fc562e0 elementor-widget elementor-widget-text-editor\" data-id=\"fc562e0\" data-element_type=\"widget\" data-widget_type=\"text-editor.default\">\n\t\t\t\t<div class=\"elementor-widget-container\">\n\t\t\t\t\t\t\t<ol><li>Garancijski rok se pri\u010dne z dnevom izro\u010ditve plovila (fizi\u010dni osebi za nekomercialno rabo) in velja na:<ul><li>napihljive zlo\u017eljive \u010dolne 2leti<\/li><li>RIB 2leti + 3 leta podalj\u0161ana garancija*<\/li><li>standardna proizvajal\u010deva garancije na plovila RIB za komercialno rabo(pravne osebe) je 6 mesecev od nakupa oz po dogovoru prodajalca in kupca ve\u010d, ampak ob obveznih 2x letnih preventivnih pregledih(glej pogoji podalj\u0161ana garancija*) in ne ve\u010d kot 5 let.<\/li><\/ul><\/li><li>\u010ce traja popravilo v garancijskem roku ve\u010d kot 10 dni, se garancijski rok podalj\u0161a za toliko dni, kolikor je trajalo popravilo.<\/li><li>Garancija na plovilu obsega zamenjavo okvarjenih delov in sklopov ali njihovo popravilo tako, da so tehni\u010dno brezhibni. Garancija ne zajema stro\u0161kov le\u017earin, dvigov in spustov plovila ter dostav na in iz servisnih delavnic.<\/li><li>Garancija preneha, \u010de je okvara na plovilu nastala zaradi:<ul><li>neupo\u0161tevanja navodil o uporabi.<\/li><li>popravila v nepoobla\u0161\u010deni delavnici<\/li><li>ob ne podalj\u0161anju garancije s pregledi*<\/li><\/ul><\/li><li>Zaradi vzdr\u017eevanja kvalitete plovila in materialov, se mora \u010doln vsaj 2 krat letno pregledati na poobla\u0161\u010denem servisu.<br \/>Priporo\u010damo pred za\u010detkom sezone in priprava na zimovanje. Po pregledu se v garancijski list vpi\u0161e datum pregleda in podpis serviserja, ki je pregled opravil. Na ta na\u010din se izognemo mo\u017enim kasnej\u0161im okvaram, ki se lahko zgodijo zaradi ne vzdr\u017eevanja plovila ali nepravilnega vzdr\u017eevanja. V primeru, da je plovilo dobro vzdr\u017eevano se garancijska knji\u017eica potrdi v nasprotnem primeru se lastnika opozori na nepravilnosti oz prodajalec lahko odstopi od garancije\/podalj\u0161anja garancije.<br \/><br \/><em>*Podalj\u0161ana garancija in pregledi se vr\u0161ijo na sede\u017eu podjetja Moto-Nautika d.o.o. oz po pooblastilo poobla\u0161\u010denega serviserja.<\/em><br \/><br \/><\/li><li>Garancija ne velja za naslednje primere: Normalno vzdr\u017eevanje in redni pregledi, zamenjava delov zaradi obrabe, okvara, nastala zaradi vi\u0161je sile, po\u017eara, tr\u010denja ali nesre\u010de; okvara , nastala zaradi neustrezne uporabe, nepravilnega prevoza, ali shranjevanja; okvara , ki jo povzro\u010di nepoobla\u0161\u010deni serviser z nepravilnim posegom; za dele, ki se hitro obrabijo in jih je ob normalni uporabi treba ve\u010dkrat zamenjati (nepopolni seznam: vijaki, razli\u010dna tesnila, kontaktni spoji, zunanja in\u0161talacija,..), stro\u0161ki prevoza do trgovca, ki izvr\u0161i popravilo in nazaj.<\/li><\/ol>\t\t\t\t\t\t<\/div>\n\t\t\t\t<\/div>\n\t\t\t\t<div class=\"elementor-element elementor-element-82a7222 elementor-widget elementor-widget-heading\" data-id=\"82a7222\" data-element_type=\"widget\" data-widget_type=\"heading.default\">\n\t\t\t\t<div class=\"elementor-widget-container\">\n\t\t\t<h2 class=\"elementor-heading-title elementor-size-default\">Navodila za garancijski postopek:\n\n<\/h2>\t\t<\/div>\n\t\t\t\t<\/div>\n\t\t\t\t<div class=\"elementor-element elementor-element-0ba7750 elementor-widget elementor-widget-text-editor\" data-id=\"0ba7750\" data-element_type=\"widget\" data-widget_type=\"text-editor.default\">\n\t\t\t\t<div class=\"elementor-widget-container\">\n\t\t\t\t\t\t\t<p>Lastnik je dol\u017ean ugotovljeno okvaro takoj prijaviti poobla\u0161\u010deni delavnici (podatki na prvi strani). Lastnik je odgovoren, \u010de s prepozno prijavo povzro\u010di \u0161kodo na motorju. Za podrobnej\u0161e informacije povpra\u0161ajte va\u0161ega prodajalca. Lastnik plovila ne sme sam posegati na plovilo ali izvajati popravila.<br \/>*Podalj\u0161ana garancija plovila se upo\u0161teva ob pravilnem vzdr\u017eevanju plovila in rednih pregledih v predpisanih rokih(2x letni pregled-pred in po sezoni). \u010ce ti vzdr\u017eevalni pregledi niso redno opravljeni, se lahko zmanj\u0161a zanesljivost in varnost va\u0161ega plovila, garancija pa izgubi veljavo.<\/p><p>Garancija ne izklju\u010duje pravic potro\u0161nika, ki izhajajo iz odgovornosti prodajalca za napake na blagu<\/p><p>Ozemeljsko obmo\u010dje veljavnosti garancije je RS.<\/p><p>Dajalec garancije jam\u010di za lastnosti ali brezhibno delovanje v garancijskem roku, ki za\u010dne te\u010di z izro\u010ditvijo blaga potro\u0161niku. Za blago za katerega se izdaja garancija, po poteku garancije dajalec garancije zagotavlja potro\u0161niku vzdr\u017eevanje, nadomestne dele in priklopne aparate v skladu z zakonskim rokom.<\/p><p>Stro\u0161ki rednih pregledov in vzdr\u017eevanja ter stro\u0161ki zamenjave delov, ki jih je treba zamenjati zaradi normalne obrabe so breme lastnika.<\/p><p>Za okvare in po\u0161kodbe, ki so posledica neustrezne uporabe, zanemarjenja ali nesre\u010de, je odgovoren lastnik, v njegovo breme pa gredo tudi vsi s tem povezani in posledi\u010dni stro\u0161ki. V breme lastnika gredo tudi stro\u0161ki razstavljanja in\/ali pregleda plovila, \u010de se izka\u017ee, da okvara ni krita z garancijo.<\/p><p>V primeru , da v garancijskem roku plovilo prodate, je potrebno obvestiti trgovca o spremembi lastni\u0161tva, saj le tako se prenesejo garancijski pogoji na novega lastnika. sprememba lastni\u0161tva se sporo\u010di na elektronski naslov info@moto-nautika.com ali po redni po\u0161ti z podatki novega lastnika (ime, naslov, datum spremembe lastni\u0161tva,ID \u0161tevilka plovila in strinjanje novega lastnika z posredovanjem podatkov za uveljavljanje garancije)<\/p>\t\t\t\t\t\t<\/div>\n\t\t\t\t<\/div>\n\t\t\t\t<div class=\"elementor-element elementor-element-fab44ec elementor-widget elementor-widget-heading\" data-id=\"fab44ec\" data-element_type=\"widget\" data-widget_type=\"heading.default\">\n\t\t\t\t<div class=\"elementor-widget-container\">\n\t\t\t<h2 class=\"elementor-heading-title elementor-size-default\">Kako uveljavljam garancijske zahtevke?\n\n<\/h2>\t\t<\/div>\n\t\t\t\t<\/div>\n\t\t\t\t<div class=\"elementor-element elementor-element-e70cee0 elementor-widget elementor-widget-text-editor\" data-id=\"e70cee0\" data-element_type=\"widget\" data-widget_type=\"text-editor.default\">\n\t\t\t\t<div class=\"elementor-widget-container\">\n\t\t\t\t\t\t\t<p>\u010ce imate z plovilom te\u017eave, za katere menite da sodijo v okvir jamstva, takoj stopite v stik s svojim prodajalcem in se dogovorite za pregled. Ne pozabite ob prijavi predlo\u017eiti svoje veljavne garancijske knji\u017eice. Brez predlo\u017eitve garancijskega lista popravilo ni mo\u017eno, kot tudi ne uveljavljanje pogojev, v kolikor so ti bili podalj\u0161ani z vzdr\u017eevalnimi pregledi(*podalj\u0161ana garancija)<\/p>\t\t\t\t\t\t<\/div>\n\t\t\t\t<\/div>\n\t\t\t\t\t<\/div>\n\t\t\t\t<\/div>\n\t\t\t\t<\/div>\n\t\t","protected":false},"excerpt":{"rendered":"<p>Garancijski pogoji \u2013 GRAND Dobrodo\u0161li v svetu Grandovih plovil! Hvala vam, da ste kupili gumenjak Grand. Upamo, da boste ob plovbi z njim pre\u017eiveli veliko prijetnih let. Prosimo vas, da si vzamete nekaj minut \u010dasa in preberete ta Garancijski priro\u010dnik. V njem boste na\u0161li veliko va\u017enih informacij o ugodnostih, ki vam jih nudi Grandova garancija. [&hellip;]<\/p>\n","protected":false},"author":1,"featured_media":0,"parent":3265,"menu_order":1,"comment_status":"closed","ping_status":"closed","template":"","meta":{"footnotes":""},"acf":[],"yoast_head":"<!-- This site is optimized with the Yoast SEO plugin v24.0 - https:\/\/yoast.com\/wordpress\/plugins\/seo\/ -->\n<title>Garancijski pogoji \u2013 GRAND &#8212; Moto Nautika<\/title>\n<meta name=\"robots\" content=\"index, follow, max-snippet:-1, max-image-preview:large, max-video-preview:-1\" \/>\n<link rel=\"canonical\" href=\"https:\/\/moto-nautika.com\/it\/garancijski-pogoji-grand\/\" \/>\n<meta property=\"og:locale\" content=\"it_IT\" \/>\n<meta property=\"og:type\" content=\"article\" \/>\n<meta property=\"og:title\" content=\"Garancijski pogoji \u2013 GRAND &#8212; Moto Nautika\" \/>\n<meta property=\"og:description\" content=\"Garancijski pogoji \u2013 GRAND Dobrodo\u0161li v svetu Grandovih plovil! Hvala vam, da ste kupili gumenjak Grand. Upamo, da boste ob plovbi z njim pre\u017eiveli veliko prijetnih let. Prosimo vas, da si vzamete nekaj minut \u010dasa in preberete ta Garancijski priro\u010dnik. V njem boste na\u0161li veliko va\u017enih informacij o ugodnostih, ki vam jih nudi Grandova garancija. [&hellip;]\" \/>\n<meta property=\"og:url\" content=\"https:\/\/moto-nautika.com\/it\/garancijski-pogoji-grand\/\" \/>\n<meta property=\"og:site_name\" content=\"Moto Nautika\" \/>\n<meta property=\"article:publisher\" content=\"https:\/\/www.facebook.com\/moto.nautika\/\" \/>\n<meta property=\"article:modified_time\" content=\"2024-03-08T09:34:46+00:00\" \/>\n<meta property=\"og:image\" content=\"https:\/\/moto-nautika.com\/wp-content\/uploads\/2024\/03\/mn-banner-1200x675-1.webp\" \/>\n\t<meta property=\"og:image:width\" content=\"1200\" \/>\n\t<meta property=\"og:image:height\" content=\"675\" \/>\n\t<meta property=\"og:image:type\" content=\"image\/webp\" \/>\n<meta name=\"twitter:card\" content=\"summary_large_image\" \/>\n<script type=\"application\/ld+json\" class=\"yoast-schema-graph\">{\"@context\":\"https:\/\/schema.org\",\"@graph\":[{\"@type\":\"WebPage\",\"@id\":\"https:\/\/moto-nautika.com\/it\/garancijski-pogoji-grand\/\",\"url\":\"https:\/\/moto-nautika.com\/it\/garancijski-pogoji-grand\/\",\"name\":\"Garancijski pogoji \u2013 GRAND &#8212; Moto Nautika\",\"isPartOf\":{\"@id\":\"https:\/\/moto-nautika.com\/it\/#website\"},\"datePublished\":\"2024-03-08T09:25:56+00:00\",\"dateModified\":\"2024-03-08T09:34:46+00:00\",\"breadcrumb\":{\"@id\":\"https:\/\/moto-nautika.com\/it\/garancijski-pogoji-grand\/#breadcrumb\"},\"inLanguage\":\"it-IT\",\"potentialAction\":[{\"@type\":\"ReadAction\",\"target\":[\"https:\/\/moto-nautika.com\/it\/garancijski-pogoji-grand\/\"]}]},{\"@type\":\"BreadcrumbList\",\"@id\":\"https:\/\/moto-nautika.com\/it\/garancijski-pogoji-grand\/#breadcrumb\",\"itemListElement\":[{\"@type\":\"ListItem\",\"position\":1,\"name\":\"Domov\",\"item\":\"https:\/\/moto-nautika.com\/\"},{\"@type\":\"ListItem\",\"position\":2,\"name\":\"Garancijski pogoji \u2013 GRAND\"}]},{\"@type\":\"WebSite\",\"@id\":\"https:\/\/moto-nautika.com\/it\/#website\",\"url\":\"https:\/\/moto-nautika.com\/it\/\",\"name\":\"Moto Nautika\",\"description\":\"\",\"publisher\":{\"@id\":\"https:\/\/moto-nautika.com\/it\/#organization\"},\"potentialAction\":[{\"@type\":\"SearchAction\",\"target\":{\"@type\":\"EntryPoint\",\"urlTemplate\":\"https:\/\/moto-nautika.com\/it\/?s={search_term_string}\"},\"query-input\":{\"@type\":\"PropertyValueSpecification\",\"valueRequired\":true,\"valueName\":\"search_term_string\"}}],\"inLanguage\":\"it-IT\"},{\"@type\":\"Organization\",\"@id\":\"https:\/\/moto-nautika.com\/it\/#organization\",\"name\":\"Moto Nautika\",\"url\":\"https:\/\/moto-nautika.com\/it\/\",\"logo\":{\"@type\":\"ImageObject\",\"inLanguage\":\"it-IT\",\"@id\":\"https:\/\/moto-nautika.com\/it\/#\/schema\/logo\/image\/\",\"url\":\"https:\/\/moto-nautika.com\/wp-content\/uploads\/2024\/03\/mn-logo-1x1-1.webp\",\"contentUrl\":\"https:\/\/moto-nautika.com\/wp-content\/uploads\/2024\/03\/mn-logo-1x1-1.webp\",\"width\":850,\"height\":850,\"caption\":\"Moto Nautika\"},\"image\":{\"@id\":\"https:\/\/moto-nautika.com\/it\/#\/schema\/logo\/image\/\"},\"sameAs\":[\"https:\/\/www.facebook.com\/moto.nautika\/\",\"https:\/\/www.instagram.com\/motonautika\/\",\"https:\/\/www.youtube.com\/channel\/UCTY9_qhcetFugbdg3lley9w\"]}]}<\/script>\n<!-- \/ Yoast SEO plugin. -->","yoast_head_json":{"title":"Garancijski pogoji \u2013 GRAND &#8212; Moto Nautika","robots":{"index":"index","follow":"follow","max-snippet":"max-snippet:-1","max-image-preview":"max-image-preview:large","max-video-preview":"max-video-preview:-1"},"canonical":"https:\/\/moto-nautika.com\/it\/garancijski-pogoji-grand\/","og_locale":"it_IT","og_type":"article","og_title":"Garancijski pogoji \u2013 GRAND &#8212; Moto Nautika","og_description":"Garancijski pogoji \u2013 GRAND Dobrodo\u0161li v svetu Grandovih plovil! Hvala vam, da ste kupili gumenjak Grand. Upamo, da boste ob plovbi z njim pre\u017eiveli veliko prijetnih let. Prosimo vas, da si vzamete nekaj minut \u010dasa in preberete ta Garancijski priro\u010dnik. V njem boste na\u0161li veliko va\u017enih informacij o ugodnostih, ki vam jih nudi Grandova garancija. [&hellip;]","og_url":"https:\/\/moto-nautika.com\/it\/garancijski-pogoji-grand\/","og_site_name":"Moto Nautika","article_publisher":"https:\/\/www.facebook.com\/moto.nautika\/","article_modified_time":"2024-03-08T09:34:46+00:00","og_image":[{"width":1200,"height":675,"url":"https:\/\/moto-nautika.com\/wp-content\/uploads\/2024\/03\/mn-banner-1200x675-1.webp","type":"image\/webp"}],"twitter_card":"summary_large_image","schema":{"@context":"https:\/\/schema.org","@graph":[{"@type":"WebPage","@id":"https:\/\/moto-nautika.com\/it\/garancijski-pogoji-grand\/","url":"https:\/\/moto-nautika.com\/it\/garancijski-pogoji-grand\/","name":"Garancijski pogoji \u2013 GRAND &#8212; Moto Nautika","isPartOf":{"@id":"https:\/\/moto-nautika.com\/it\/#website"},"datePublished":"2024-03-08T09:25:56+00:00","dateModified":"2024-03-08T09:34:46+00:00","breadcrumb":{"@id":"https:\/\/moto-nautika.com\/it\/garancijski-pogoji-grand\/#breadcrumb"},"inLanguage":"it-IT","potentialAction":[{"@type":"ReadAction","target":["https:\/\/moto-nautika.com\/it\/garancijski-pogoji-grand\/"]}]},{"@type":"BreadcrumbList","@id":"https:\/\/moto-nautika.com\/it\/garancijski-pogoji-grand\/#breadcrumb","itemListElement":[{"@type":"ListItem","position":1,"name":"Domov","item":"https:\/\/moto-nautika.com\/"},{"@type":"ListItem","position":2,"name":"Garancijski pogoji \u2013 GRAND"}]},{"@type":"WebSite","@id":"https:\/\/moto-nautika.com\/it\/#website","url":"https:\/\/moto-nautika.com\/it\/","name":"Moto Nautica","description":"","publisher":{"@id":"https:\/\/moto-nautika.com\/it\/#organization"},"potentialAction":[{"@type":"SearchAction","target":{"@type":"EntryPoint","urlTemplate":"https:\/\/moto-nautika.com\/it\/?s={search_term_string}"},"query-input":{"@type":"PropertyValueSpecification","valueRequired":true,"valueName":"search_term_string"}}],"inLanguage":"it-IT"},{"@type":"Organization","@id":"https:\/\/moto-nautika.com\/it\/#organization","name":"Moto Nautica","url":"https:\/\/moto-nautika.com\/it\/","logo":{"@type":"ImageObject","inLanguage":"it-IT","@id":"https:\/\/moto-nautika.com\/it\/#\/schema\/logo\/image\/","url":"https:\/\/moto-nautika.com\/wp-content\/uploads\/2024\/03\/mn-logo-1x1-1.webp","contentUrl":"https:\/\/moto-nautika.com\/wp-content\/uploads\/2024\/03\/mn-logo-1x1-1.webp","width":850,"height":850,"caption":"Moto Nautika"},"image":{"@id":"https:\/\/moto-nautika.com\/it\/#\/schema\/logo\/image\/"},"sameAs":["https:\/\/www.facebook.com\/moto.nautika\/","https:\/\/www.instagram.com\/motonautika\/","https:\/\/www.youtube.com\/channel\/UCTY9_qhcetFugbdg3lley9w"]}]}},"_links":{"self":[{"href":"https:\/\/moto-nautika.com\/it\/wp-json\/wp\/v2\/pages\/3278"}],"collection":[{"href":"https:\/\/moto-nautika.com\/it\/wp-json\/wp\/v2\/pages"}],"about":[{"href":"https:\/\/moto-nautika.com\/it\/wp-json\/wp\/v2\/types\/page"}],"author":[{"embeddable":true,"href":"https:\/\/moto-nautika.com\/it\/wp-json\/wp\/v2\/users\/1"}],"replies":[{"embeddable":true,"href":"https:\/\/moto-nautika.com\/it\/wp-json\/wp\/v2\/comments?post=3278"}],"version-history":[{"count":4,"href":"https:\/\/moto-nautika.com\/it\/wp-json\/wp\/v2\/pages\/3278\/revisions"}],"predecessor-version":[{"id":3301,"href":"https:\/\/moto-nautika.com\/it\/wp-json\/wp\/v2\/pages\/3278\/revisions\/3301"}],"up":[{"embeddable":true,"href":"https:\/\/moto-nautika.com\/it\/wp-json\/wp\/v2\/pages\/3265"}],"wp:attachment":[{"href":"https:\/\/moto-nautika.com\/it\/wp-json\/wp\/v2\/media?parent=3278"}],"curies":[{"name":"wp","href":"https:\/\/api.w.org\/{rel}","templated":true}]}}