{"id":3277,"date":"2024-03-08T10:25:55","date_gmt":"2024-03-08T09:25:55","guid":{"rendered":"https:\/\/moto-nautika.com\/pogoji-poslovanja-2\/"},"modified":"2024-03-08T10:31:26","modified_gmt":"2024-03-08T09:31:26","slug":"darilni-boni","status":"publish","type":"page","link":"https:\/\/moto-nautika.com\/it\/darilni-boni\/","title":{"rendered":"Darilni boni"},"content":{"rendered":"\t\t<div data-elementor-type=\"wp-page\" data-elementor-id=\"3277\" class=\"elementor elementor-3277\" data-elementor-post-type=\"page\">\n\t\t\t\t<div class=\"elementor-element elementor-element-f5db1dd e-flex e-con-boxed e-con e-parent\" data-id=\"f5db1dd\" data-element_type=\"container\">\n\t\t\t\t\t<div class=\"e-con-inner\">\n\t\t\t\t<div class=\"elementor-element elementor-element-c1f7ed6 elementor-widget elementor-widget-heading\" data-id=\"c1f7ed6\" data-element_type=\"widget\" data-widget_type=\"heading.default\">\n\t\t\t\t<div class=\"elementor-widget-container\">\n\t\t\t<style>\/*! elementor - v3.21.0 - 25-04-2024 *\/\n.elementor-heading-title{padding:0;margin:0;line-height:1}.elementor-widget-heading .elementor-heading-title[class*=elementor-size-]>a{color:inherit;font-size:inherit;line-height:inherit}.elementor-widget-heading .elementor-heading-title.elementor-size-small{font-size:15px}.elementor-widget-heading .elementor-heading-title.elementor-size-medium{font-size:19px}.elementor-widget-heading .elementor-heading-title.elementor-size-large{font-size:29px}.elementor-widget-heading .elementor-heading-title.elementor-size-xl{font-size:39px}.elementor-widget-heading .elementor-heading-title.elementor-size-xxl{font-size:59px}<\/style><h2 class=\"elementor-heading-title elementor-size-default\">DARILNI BONI\n<\/h2>\t\t<\/div>\n\t\t\t\t<\/div>\n\t\t\t\t<div class=\"elementor-element elementor-element-ce57915 elementor-widget elementor-widget-text-editor\" data-id=\"ce57915\" data-element_type=\"widget\" data-widget_type=\"text-editor.default\">\n\t\t\t\t<div class=\"elementor-widget-container\">\n\t\t\t<style>\/*! elementor - v3.21.0 - 25-04-2024 *\/\n.elementor-widget-text-editor.elementor-drop-cap-view-stacked .elementor-drop-cap{background-color:#69727d;color:#fff}.elementor-widget-text-editor.elementor-drop-cap-view-framed .elementor-drop-cap{color:#69727d;border:3px solid;background-color:transparent}.elementor-widget-text-editor:not(.elementor-drop-cap-view-default) .elementor-drop-cap{margin-top:8px}.elementor-widget-text-editor:not(.elementor-drop-cap-view-default) .elementor-drop-cap-letter{width:1em;height:1em}.elementor-widget-text-editor .elementor-drop-cap{float:left;text-align:center;line-height:1;font-size:50px}.elementor-widget-text-editor .elementor-drop-cap-letter{display:inline-block}<\/style>\t\t\t\t<p><strong>MO\u017dNOSTI UPORABE DARILNEGA BONA<\/strong><\/p><p>Darilni bon v njegovi vrednosti lahko uporabite:<\/p><ol><li>Pla\u010dilo blaga in storitev bona do datuma veljavnosti \u2013 <strong>do 365 dni od dneva nakupa<\/strong><br \/><strong>K to\u010dki 1<\/strong>:<\/li><\/ol><p>Storitev iz alineje 1 lahko koristite samo s predlo\u017eitvijo originalnega darilnega bona v roku veljavnosti, ki je odtisnjen na darilnem bonu. V primeru, da je vrednost storitev in blaga ve\u010dja od vrednosti darilnega bona, dopla\u010da razliko ponudniku storitev. V primeru, da pa je nakup manj\u0161i od vrednosti darilnega bona, ponudnik storitev stranki ne vra\u010da denarja.<\/p><p>Stranka lahko v dogovoru z izvajalcem darilni bon koristi za katerokoli drugo storitev v protivrednosti po ceniku izvajalca. V primeru, da je darilni bon ukraden, izgubljen ali uni\u010den, njegov uporabnik ni upravi\u010den do povra\u010dila ali kompenzacije v kakr\u0161ni koli obliki. Pri izvedbi storitve so veljavni le specifi\u010dni pogoji ponudnika storitve. Izvedbo storitev urejajo pravila, ki veljajo za podro\u010dje izbranega ponudnika in njegovi lastni splo\u0161ni pogoji. Predvsem to velja za odpovedi ali spremembo rezervacije. Prejemnik darilnega bona mora sam pri ponudniku preveriti ali obstajajo morebitne omejitve za izvedbo posamezne storitve. V primeru, da ponudnik zavrne izvajanje storitev na podlagi zgoraj navedenih razlogov ali zaradi neupo\u0161tevanja pravil oziroma pogodbenih obveznosti, to ni diskriminacija. Prav tako za to ne nosi odgovornosti Moto-Nautika d.o.o.. Moto-Nautika d.o.o. v nobenem primeru ni odgovorna za popolno ali delno prenehanje poslovanja ponudnika darilnega bona, prav tako ne za popolno ali delno neizvajanje storitev ali spremembo storitev ponudnika po izdaji darilnega bona. Vso odgovornost za tovrstne primere nosi ponudnik storitve. Z nakupom darilnega bona se kupec strinja s splo\u0161nimi pogoji uporabe.<\/p>\t\t\t\t\t\t<\/div>\n\t\t\t\t<\/div>\n\t\t\t\t<div class=\"elementor-element elementor-element-4ced527 elementor-widget elementor-widget-heading\" data-id=\"4ced527\" data-element_type=\"widget\" data-widget_type=\"heading.default\">\n\t\t\t\t<div class=\"elementor-widget-container\">\n\t\t\t<h2 class=\"elementor-heading-title elementor-size-default\">VREDNOSTNI BONI MOTO-NAUTIKE\n<\/h2>\t\t<\/div>\n\t\t\t\t<\/div>\n\t\t\t\t<div class=\"elementor-element elementor-element-fc562e0 elementor-widget elementor-widget-text-editor\" data-id=\"fc562e0\" data-element_type=\"widget\" data-widget_type=\"text-editor.default\">\n\t\t\t\t<div class=\"elementor-widget-container\">\n\t\t\t\t\t\t\t<p><strong>MO\u017dNOSTI UPORABE VREDNOSTNIH DARILNIH BONOV MOTO-NAUTIKE<\/strong><\/p><p>Vrednostni darilni bon Moto-Nautika lahko uporabite:<\/p><p>1. Za pla\u010dilo blaga in storitev v prodajalni Moto-Nautike \u2013 do 365 dni od dneva nakupa<\/p><p>Va\u0161 vrednostni darilni bon lahko uporabite v trgovini Moto-Nautike v roku 365 dni od dneva nakupa. Po poteku datuma veljavnosti vrednostni darilni bon ni ve\u010d veljaven. Vrednostnega darilnega bona delno ali v celoti ni mogo\u010de zamenjati za gotovino.<\/p><p><strong>POMEMBNO<\/strong><\/p><p>Fotokopije ter preslikave vrednostnega darilnega bona niso veljavne. Vsak vrednostni darilni bon je za\u0161\u010diten z original \u017eigom, ki je odtisnjen v spodnjem delu. Vrednostni darilni boni, ki niso bili prodani, v Moto-Nautiki, nimajo original \u017eiga , so neaktivni in neveljavni.<\/p><p><strong>IZDAJATELJ VREDNOSTNEGA DARILNEGA BONA<\/strong><\/p><p>Izdajatelj vrednostnega darilnega bona je Moto-Nautika d.o.o.<\/p>\t\t\t\t\t\t<\/div>\n\t\t\t\t<\/div>\n\t\t\t\t<div class=\"elementor-element elementor-element-82a7222 elementor-widget elementor-widget-heading\" data-id=\"82a7222\" data-element_type=\"widget\" data-widget_type=\"heading.default\">\n\t\t\t\t<div class=\"elementor-widget-container\">\n\t\t\t<h2 class=\"elementor-heading-title elementor-size-default\">PREDPLA\u010cILO \u2013 AVANSNI RA\u010cUN\n<\/h2>\t\t<\/div>\n\t\t\t\t<\/div>\n\t\t\t\t<div class=\"elementor-element elementor-element-0ba7750 elementor-widget elementor-widget-text-editor\" data-id=\"0ba7750\" data-element_type=\"widget\" data-widget_type=\"text-editor.default\">\n\t\t\t\t<div class=\"elementor-widget-container\">\n\t\t\t\t\t\t\t<p>Predpla\u010dilo se pri izstavitvi ra\u010duna pora\u010duna in od\u0161teje pri kon\u010dnem znesku. \u010ce katerakoli od strank ne izpolni svoje obveznosti, potem se lahko pogodba razdere. To pomeni, \u010de kupec ne prevzame in dokon\u010dno popla\u010da naro\u010denega materiala po tem , ko ga prodajalec o tem obvesti ali da prodajalec ne more zaradi drugih razlogov izdobaviti naro\u010denega. V primeru razdora imamo pravico do pora\u010duna nastalih stro\u0161kov za \u0161kodo, ki je nastala z naro\u010dilom, katera se bo pora\u010dunala z prejetim pla\u010dilom.<\/p><p><strong>Veljavnost avansnega ra\u010duna je 365 dni od datuma izdaje. Po tem roku se lahko avansni ra\u010dun izni\u010di.<\/strong><\/p>\t\t\t\t\t\t<\/div>\n\t\t\t\t<\/div>\n\t\t\t\t<div class=\"elementor-element elementor-element-fab44ec elementor-widget elementor-widget-heading\" data-id=\"fab44ec\" data-element_type=\"widget\" data-widget_type=\"heading.default\">\n\t\t\t\t<div class=\"elementor-widget-container\">\n\t\t\t<h2 class=\"elementor-heading-title elementor-size-default\">DOBROPIS<\/h2>\t\t<\/div>\n\t\t\t\t<\/div>\n\t\t\t\t<div class=\"elementor-element elementor-element-e70cee0 elementor-widget elementor-widget-text-editor\" data-id=\"e70cee0\" data-element_type=\"widget\" data-widget_type=\"text-editor.default\">\n\t\t\t\t<div class=\"elementor-widget-container\">\n\t\t\t\t\t\t\t<p>Veljavnost dobropisa je 365 dni od datuma izdaje. Po tem roku se lahko dobropis izni\u010di, \u010de ga stranka ne koristi.<\/p><p>\u00a0<\/p>\t\t\t\t\t\t<\/div>\n\t\t\t\t<\/div>\n\t\t\t\t\t<\/div>\n\t\t\t\t<\/div>\n\t\t\t\t<\/div>\n\t\t","protected":false},"excerpt":{"rendered":"<p>DARILNI BONI MO\u017dNOSTI UPORABE DARILNEGA BONA Darilni bon v njegovi vrednosti lahko uporabite: Pla\u010dilo blaga in storitev bona do datuma veljavnosti \u2013 do 365 dni od dneva nakupaK to\u010dki 1: Storitev iz alineje 1 lahko koristite samo s predlo\u017eitvijo originalnega darilnega bona v roku veljavnosti, ki je odtisnjen na darilnem bonu. V primeru, da je [&hellip;]<\/p>\n","protected":false},"author":1,"featured_media":0,"parent":3265,"menu_order":0,"comment_status":"closed","ping_status":"closed","template":"","meta":{"footnotes":""},"acf":[],"yoast_head":"<!-- This site is optimized with the Yoast SEO plugin v24.0 - https:\/\/yoast.com\/wordpress\/plugins\/seo\/ -->\n<title>Darilni boni &#8212; Moto Nautika<\/title>\n<meta name=\"robots\" content=\"index, follow, max-snippet:-1, max-image-preview:large, max-video-preview:-1\" \/>\n<link rel=\"canonical\" href=\"https:\/\/moto-nautika.com\/it\/darilni-boni\/\" \/>\n<meta property=\"og:locale\" content=\"it_IT\" \/>\n<meta property=\"og:type\" content=\"article\" \/>\n<meta property=\"og:title\" content=\"Darilni boni &#8212; Moto Nautika\" \/>\n<meta property=\"og:description\" content=\"DARILNI BONI MO\u017dNOSTI UPORABE DARILNEGA BONA Darilni bon v njegovi vrednosti lahko uporabite: Pla\u010dilo blaga in storitev bona do datuma veljavnosti \u2013 do 365 dni od dneva nakupaK to\u010dki 1: Storitev iz alineje 1 lahko koristite samo s predlo\u017eitvijo originalnega darilnega bona v roku veljavnosti, ki je odtisnjen na darilnem bonu. V primeru, da je [&hellip;]\" \/>\n<meta property=\"og:url\" content=\"https:\/\/moto-nautika.com\/it\/darilni-boni\/\" \/>\n<meta property=\"og:site_name\" content=\"Moto Nautika\" \/>\n<meta property=\"article:publisher\" content=\"https:\/\/www.facebook.com\/moto.nautika\/\" \/>\n<meta property=\"article:modified_time\" content=\"2024-03-08T09:31:26+00:00\" \/>\n<meta property=\"og:image\" content=\"https:\/\/moto-nautika.com\/wp-content\/uploads\/2024\/03\/mn-banner-1200x675-1.webp\" \/>\n\t<meta property=\"og:image:width\" content=\"1200\" \/>\n\t<meta property=\"og:image:height\" content=\"675\" \/>\n\t<meta property=\"og:image:type\" content=\"image\/webp\" \/>\n<meta name=\"twitter:card\" content=\"summary_large_image\" \/>\n<script type=\"application\/ld+json\" class=\"yoast-schema-graph\">{\"@context\":\"https:\/\/schema.org\",\"@graph\":[{\"@type\":\"WebPage\",\"@id\":\"https:\/\/moto-nautika.com\/it\/darilni-boni\/\",\"url\":\"https:\/\/moto-nautika.com\/it\/darilni-boni\/\",\"name\":\"Darilni boni &#8212; Moto Nautika\",\"isPartOf\":{\"@id\":\"https:\/\/moto-nautika.com\/it\/#website\"},\"datePublished\":\"2024-03-08T09:25:55+00:00\",\"dateModified\":\"2024-03-08T09:31:26+00:00\",\"breadcrumb\":{\"@id\":\"https:\/\/moto-nautika.com\/it\/darilni-boni\/#breadcrumb\"},\"inLanguage\":\"it-IT\",\"potentialAction\":[{\"@type\":\"ReadAction\",\"target\":[\"https:\/\/moto-nautika.com\/it\/darilni-boni\/\"]}]},{\"@type\":\"BreadcrumbList\",\"@id\":\"https:\/\/moto-nautika.com\/it\/darilni-boni\/#breadcrumb\",\"itemListElement\":[{\"@type\":\"ListItem\",\"position\":1,\"name\":\"Domov\",\"item\":\"https:\/\/moto-nautika.com\/\"},{\"@type\":\"ListItem\",\"position\":2,\"name\":\"Darilni boni\"}]},{\"@type\":\"WebSite\",\"@id\":\"https:\/\/moto-nautika.com\/it\/#website\",\"url\":\"https:\/\/moto-nautika.com\/it\/\",\"name\":\"Moto Nautika\",\"description\":\"\",\"publisher\":{\"@id\":\"https:\/\/moto-nautika.com\/it\/#organization\"},\"potentialAction\":[{\"@type\":\"SearchAction\",\"target\":{\"@type\":\"EntryPoint\",\"urlTemplate\":\"https:\/\/moto-nautika.com\/it\/?s={search_term_string}\"},\"query-input\":{\"@type\":\"PropertyValueSpecification\",\"valueRequired\":true,\"valueName\":\"search_term_string\"}}],\"inLanguage\":\"it-IT\"},{\"@type\":\"Organization\",\"@id\":\"https:\/\/moto-nautika.com\/it\/#organization\",\"name\":\"Moto Nautika\",\"url\":\"https:\/\/moto-nautika.com\/it\/\",\"logo\":{\"@type\":\"ImageObject\",\"inLanguage\":\"it-IT\",\"@id\":\"https:\/\/moto-nautika.com\/it\/#\/schema\/logo\/image\/\",\"url\":\"https:\/\/moto-nautika.com\/wp-content\/uploads\/2024\/03\/mn-logo-1x1-1.webp\",\"contentUrl\":\"https:\/\/moto-nautika.com\/wp-content\/uploads\/2024\/03\/mn-logo-1x1-1.webp\",\"width\":850,\"height\":850,\"caption\":\"Moto Nautika\"},\"image\":{\"@id\":\"https:\/\/moto-nautika.com\/it\/#\/schema\/logo\/image\/\"},\"sameAs\":[\"https:\/\/www.facebook.com\/moto.nautika\/\",\"https:\/\/www.instagram.com\/motonautika\/\",\"https:\/\/www.youtube.com\/channel\/UCTY9_qhcetFugbdg3lley9w\"]}]}<\/script>\n<!-- \/ Yoast SEO plugin. -->","yoast_head_json":{"title":"Darilni boni &#8212; Moto Nautika","robots":{"index":"index","follow":"follow","max-snippet":"max-snippet:-1","max-image-preview":"max-image-preview:large","max-video-preview":"max-video-preview:-1"},"canonical":"https:\/\/moto-nautika.com\/it\/darilni-boni\/","og_locale":"it_IT","og_type":"article","og_title":"Darilni boni &#8212; Moto Nautika","og_description":"DARILNI BONI MO\u017dNOSTI UPORABE DARILNEGA BONA Darilni bon v njegovi vrednosti lahko uporabite: Pla\u010dilo blaga in storitev bona do datuma veljavnosti \u2013 do 365 dni od dneva nakupaK to\u010dki 1: Storitev iz alineje 1 lahko koristite samo s predlo\u017eitvijo originalnega darilnega bona v roku veljavnosti, ki je odtisnjen na darilnem bonu. V primeru, da je [&hellip;]","og_url":"https:\/\/moto-nautika.com\/it\/darilni-boni\/","og_site_name":"Moto Nautika","article_publisher":"https:\/\/www.facebook.com\/moto.nautika\/","article_modified_time":"2024-03-08T09:31:26+00:00","og_image":[{"width":1200,"height":675,"url":"https:\/\/moto-nautika.com\/wp-content\/uploads\/2024\/03\/mn-banner-1200x675-1.webp","type":"image\/webp"}],"twitter_card":"summary_large_image","schema":{"@context":"https:\/\/schema.org","@graph":[{"@type":"WebPage","@id":"https:\/\/moto-nautika.com\/it\/darilni-boni\/","url":"https:\/\/moto-nautika.com\/it\/darilni-boni\/","name":"Darilni boni &#8212; Moto Nautika","isPartOf":{"@id":"https:\/\/moto-nautika.com\/it\/#website"},"datePublished":"2024-03-08T09:25:55+00:00","dateModified":"2024-03-08T09:31:26+00:00","breadcrumb":{"@id":"https:\/\/moto-nautika.com\/it\/darilni-boni\/#breadcrumb"},"inLanguage":"it-IT","potentialAction":[{"@type":"ReadAction","target":["https:\/\/moto-nautika.com\/it\/darilni-boni\/"]}]},{"@type":"BreadcrumbList","@id":"https:\/\/moto-nautika.com\/it\/darilni-boni\/#breadcrumb","itemListElement":[{"@type":"ListItem","position":1,"name":"Domov","item":"https:\/\/moto-nautika.com\/"},{"@type":"ListItem","position":2,"name":"Darilni boni"}]},{"@type":"WebSite","@id":"https:\/\/moto-nautika.com\/it\/#website","url":"https:\/\/moto-nautika.com\/it\/","name":"Moto Nautica","description":"","publisher":{"@id":"https:\/\/moto-nautika.com\/it\/#organization"},"potentialAction":[{"@type":"SearchAction","target":{"@type":"EntryPoint","urlTemplate":"https:\/\/moto-nautika.com\/it\/?s={search_term_string}"},"query-input":{"@type":"PropertyValueSpecification","valueRequired":true,"valueName":"search_term_string"}}],"inLanguage":"it-IT"},{"@type":"Organization","@id":"https:\/\/moto-nautika.com\/it\/#organization","name":"Moto Nautica","url":"https:\/\/moto-nautika.com\/it\/","logo":{"@type":"ImageObject","inLanguage":"it-IT","@id":"https:\/\/moto-nautika.com\/it\/#\/schema\/logo\/image\/","url":"https:\/\/moto-nautika.com\/wp-content\/uploads\/2024\/03\/mn-logo-1x1-1.webp","contentUrl":"https:\/\/moto-nautika.com\/wp-content\/uploads\/2024\/03\/mn-logo-1x1-1.webp","width":850,"height":850,"caption":"Moto Nautika"},"image":{"@id":"https:\/\/moto-nautika.com\/it\/#\/schema\/logo\/image\/"},"sameAs":["https:\/\/www.facebook.com\/moto.nautika\/","https:\/\/www.instagram.com\/motonautika\/","https:\/\/www.youtube.com\/channel\/UCTY9_qhcetFugbdg3lley9w"]}]}},"_links":{"self":[{"href":"https:\/\/moto-nautika.com\/it\/wp-json\/wp\/v2\/pages\/3277"}],"collection":[{"href":"https:\/\/moto-nautika.com\/it\/wp-json\/wp\/v2\/pages"}],"about":[{"href":"https:\/\/moto-nautika.com\/it\/wp-json\/wp\/v2\/types\/page"}],"author":[{"embeddable":true,"href":"https:\/\/moto-nautika.com\/it\/wp-json\/wp\/v2\/users\/1"}],"replies":[{"embeddable":true,"href":"https:\/\/moto-nautika.com\/it\/wp-json\/wp\/v2\/comments?post=3277"}],"version-history":[{"count":7,"href":"https:\/\/moto-nautika.com\/it\/wp-json\/wp\/v2\/pages\/3277\/revisions"}],"predecessor-version":[{"id":3295,"href":"https:\/\/moto-nautika.com\/it\/wp-json\/wp\/v2\/pages\/3277\/revisions\/3295"}],"up":[{"embeddable":true,"href":"https:\/\/moto-nautika.com\/it\/wp-json\/wp\/v2\/pages\/3265"}],"wp:attachment":[{"href":"https:\/\/moto-nautika.com\/it\/wp-json\/wp\/v2\/media?parent=3277"}],"curies":[{"name":"wp","href":"https:\/\/api.w.org\/{rel}","templated":true}]}}