{"id":20089,"date":"2024-12-17T14:22:21","date_gmt":"2024-12-17T13:22:21","guid":{"rendered":"https:\/\/moto-nautika.com\/?page_id=20089"},"modified":"2026-05-12T10:18:02","modified_gmt":"2026-05-12T08:18:02","slug":"pravila-in-pogoji-sodelovanja-v-nagradni-igri","status":"publish","type":"page","link":"https:\/\/moto-nautika.com\/en\/pravila-in-pogoji-sodelovanja-v-nagradni-igri\/","title":{"rendered":"Pravila in pogoji sodelovanja v nagradni igri"},"content":{"rendered":"\t\t<div data-elementor-type=\"wp-page\" data-elementor-id=\"20089\" class=\"elementor elementor-20089\" data-elementor-post-type=\"page\">\n\t\t\t\t<div class=\"elementor-element elementor-element-f5db1dd e-flex e-con-boxed e-con e-parent\" data-id=\"f5db1dd\" data-element_type=\"container\">\n\t\t\t\t\t<div class=\"e-con-inner\">\n\t\t\t\t<div class=\"elementor-element elementor-element-c1f7ed6 elementor-widget elementor-widget-heading\" data-id=\"c1f7ed6\" data-element_type=\"widget\" data-widget_type=\"heading.default\">\n\t\t\t\t<div class=\"elementor-widget-container\">\n\t\t\t<style>\/*! elementor - v3.21.0 - 25-04-2024 *\/\n.elementor-heading-title{padding:0;margin:0;line-height:1}.elementor-widget-heading .elementor-heading-title[class*=elementor-size-]>a{color:inherit;font-size:inherit;line-height:inherit}.elementor-widget-heading .elementor-heading-title.elementor-size-small{font-size:15px}.elementor-widget-heading .elementor-heading-title.elementor-size-medium{font-size:19px}.elementor-widget-heading .elementor-heading-title.elementor-size-large{font-size:29px}.elementor-widget-heading .elementor-heading-title.elementor-size-xl{font-size:39px}.elementor-widget-heading .elementor-heading-title.elementor-size-xxl{font-size:59px}<\/style><h2 class=\"elementor-heading-title elementor-size-default\">Pravila in pogoji sodelovanja v nagradni igri <\/h2>\t\t<\/div>\n\t\t\t\t<\/div>\n\t\t\t\t<div class=\"elementor-element elementor-element-ce57915 elementor-widget elementor-widget-text-editor\" data-id=\"ce57915\" data-element_type=\"widget\" data-widget_type=\"text-editor.default\">\n\t\t\t\t<div class=\"elementor-widget-container\">\n\t\t\t<style>\/*! elementor - v3.21.0 - 25-04-2024 *\/\n.elementor-widget-text-editor.elementor-drop-cap-view-stacked .elementor-drop-cap{background-color:#69727d;color:#fff}.elementor-widget-text-editor.elementor-drop-cap-view-framed .elementor-drop-cap{color:#69727d;border:3px solid;background-color:transparent}.elementor-widget-text-editor:not(.elementor-drop-cap-view-default) .elementor-drop-cap{margin-top:8px}.elementor-widget-text-editor:not(.elementor-drop-cap-view-default) .elementor-drop-cap-letter{width:1em;height:1em}.elementor-widget-text-editor .elementor-drop-cap{float:left;text-align:center;line-height:1;font-size:50px}.elementor-widget-text-editor .elementor-drop-cap-letter{display:inline-block}<\/style>\t\t\t\t<p><strong>Kje poteka nagradna igra in kdo lahko sodeluje v nagradni igri<\/strong><\/p><p>Nagradna igra poteka na obmo\u010dju Republike Slovenije. V njej lahko sodelujejo vsi dr\u017eavljani Republike Slovenije, razen zaposleni v podjetju Moto-Nautika d.o.o. in osebe, vklju\u010dene v organizacijo nagradne igre, skupaj z njihovimi o\u017ejimi dru\u017einskimi \u010dlani (partnerji, otroci, star\u0161i, bratje in sestre).<\/p><p><strong>Organizator nagradne igre<\/strong><\/p><p>Organizator nagradne igre je podjetje Moto-Nautika d.o.o, Ptujska cesta 63, 2204 Miklav\u017e.\u00a0 Za izvedbo in nadzor poteka nagradnih iger skrbijo zaposleni v podjetju Moto-Nautika d.o.o<\/p><p><strong>Vsebina oz. potek nagradnih iger<\/strong><\/p><p>V nagradnih igrah imajo pod enakimi pogoji pravico sodelovati vsi, razen tistih, ki jih zajema 1. \u010dlen tega pravilnika.\u00a0 Nakup v salonu ali na spletni strani podjetja ni pogoj za sodelovanje v nagradnih igrah.<\/p><p>Moto-Nautika na svojem socialnem omre\u017eju Facebook organizira nagradno igro. Nagrade so zapisane v objavi.\u00a0<\/p><p>Nagrajenca objavi in pozove k prevzemu nagrade: tako kot je zapisano v objavi na socilanih omre\u017ejih Moto-Nautike ( Fb ali IG).\u00a0<\/p><p>Za sodelovanje v nagradi igri mora sodelujo\u010di izpolniti pogoje, ki so zapisani na Facebooku. <\/p><div class=\"x14z9mp xat24cr x1lziwak x1vvkbs xtlvy1s x126k92a\">\u00a0<\/div><div class=\"x14z9mp xat24cr x1lziwak x1vvkbs xtlvy1s x126k92a\"><div dir=\"auto\"><strong>Kako se \u017ereba nagrajence?<\/strong><\/div><\/div><p>Pri \u017erebanju nagrajencev sodeluje tri\u010dlanska komisija, ki jo sestavljajo:<\/p><p><strong>Klemen Krajnc,<\/strong><\/p><p><strong>Gregor Rojs in<\/strong><\/p><p><strong>Nina Kramberger.<\/strong><\/p><p>Nagrajenci se \u017erebajo s spletno aplikacijo: <strong>https:\/\/commentpicker.com\/<\/strong><\/p><p><strong>Kako se obvesti nagrajenca in prevezm nagrad?<\/strong><\/p><p>Organizator nagradne igre nagrajenca ozna\u010di na jasen na\u010din (s tagom\/oznako pod objavo, kjer je bila objavljena nagrada).<\/p><p>Nagrajenci karte prevzamejo po dogovoru: ali na blagajni Internautike ali se jim jo po\u0161lje na mail.<\/p><p>V koliko ima nagrajenec poln e-mail box, organizator ne prevzema odgovornosti za nedostavo obvestil.<\/p><p>Nagrada ni izpla\u010dljiva v gotovini in ni prenosljiva. Organizator\u00a0 lahko spreminja pogoje sodelovanja v nagradnih igrah. Hkrati se zavezuje, da bo na primeren na\u010din in na primernem mestu uporabnike obvestil o vsakr\u0161ni spremembi oziroma dopolnitvi pravil.<\/p><p><strong>Nagrajenci mlaj\u0161i od 18 let<\/strong><\/p><p>Za sodelovanje mladoletnih oseb v nagradni igri je potrebno pisno soglasje star\u0161ev ali zakonitega skrbnika.<\/p><p><strong>Varovanje osebnih podatkov<\/strong><\/p><p>Organizator se zavezuje, da bo pridobljene osebne podatke varoval v skladu z Zakonom o varstvu osebnih podatkov ter jih ne bo posredoval tretjim osebam.<\/p><p>Osebni podatki (ime, priimek in naslov) bodo uporabljeni izklju\u010dno za namene izvedbe nagradne igre in po\u0161iljanja nagrad. Osebni podatki bodo hranjeni najve\u010d 30 dni po zaklju\u010dku nagradne igre. Posamezniki imajo pravico zahtevati dostop, popravek ali izbris podatkov v skladu z GDPR.<\/p><p><strong>Dodatne informacije<\/strong><br \/>Morebitne napake v delu in pri izvedbi nagradne igre bodo poobla\u0161\u010dene osebe re\u0161evale pravo\u010dasno in v skladu z dobrimi poslovnimi obi\u010daji. V primeru huj\u0161e kr\u0161itve tega pravilnika lahko poobla\u0161\u010dene osebe razveljavijo del nagradne igre ali nagradno igro v celoti in jo z ustreznimi popravki ponovijo. <br \/>Dodatne informacije o nagradni igri lahko sodelujo\u010di dobijo na elektronskem naslovu:\u00a0 <a href=\"mailto:marketing@moto-nautika.com\">marketing@moto-nautika.com<\/a><\/p><p><strong>Podjetje Moto-Nautika<\/strong><\/p>\t\t\t\t\t\t<\/div>\n\t\t\t\t<\/div>\n\t\t\t\t\t<\/div>\n\t\t\t\t<\/div>\n\t\t\t\t<\/div>\n\t\t","protected":false},"excerpt":{"rendered":"<p>Pravila in pogoji sodelovanja v nagradni igri Kje poteka nagradna igra in kdo lahko sodeluje v nagradni igri Nagradna igra poteka na obmo\u010dju Republike Slovenije. V njej lahko sodelujejo vsi dr\u017eavljani Republike Slovenije, razen zaposleni v podjetju Moto-Nautika d.o.o. in osebe, vklju\u010dene v organizacijo nagradne igre, skupaj z njihovimi o\u017ejimi dru\u017einskimi \u010dlani (partnerji, otroci, star\u0161i, [&hellip;]<\/p>\n","protected":false},"author":2,"featured_media":0,"parent":0,"menu_order":16,"comment_status":"closed","ping_status":"closed","template":"","meta":{"footnotes":""},"acf":[],"yoast_head":"<!-- This site is optimized with the Yoast SEO Premium plugin v22.5 (Yoast SEO v24.0) - https:\/\/yoast.com\/wordpress\/plugins\/seo\/ -->\n<title>Pravila in pogoji sodelovanja v nagradni igri &#8212; Moto Nautika<\/title>\n<meta name=\"robots\" content=\"index, follow, max-snippet:-1, max-image-preview:large, max-video-preview:-1\" \/>\n<link rel=\"canonical\" href=\"https:\/\/moto-nautika.com\/en\/pravila-in-pogoji-sodelovanja-v-nagradni-igri\/\" \/>\n<meta property=\"og:locale\" content=\"en_US\" \/>\n<meta property=\"og:type\" content=\"article\" \/>\n<meta property=\"og:title\" content=\"Pravila in pogoji sodelovanja v nagradni igri\" \/>\n<meta property=\"og:description\" content=\"Pravila in pogoji sodelovanja v nagradni igri Kje poteka nagradna igra in kdo lahko sodeluje v nagradni igri Nagradna igra poteka na obmo\u010dju Republike Slovenije. V njej lahko sodelujejo vsi dr\u017eavljani Republike Slovenije, razen zaposleni v podjetju Moto-Nautika d.o.o. in osebe, vklju\u010dene v organizacijo nagradne igre, skupaj z njihovimi o\u017ejimi dru\u017einskimi \u010dlani (partnerji, otroci, star\u0161i, [&hellip;]\" \/>\n<meta property=\"og:url\" content=\"https:\/\/moto-nautika.com\/en\/pravila-in-pogoji-sodelovanja-v-nagradni-igri\/\" \/>\n<meta property=\"og:site_name\" content=\"Moto Nautika\" \/>\n<meta property=\"article:publisher\" content=\"https:\/\/www.facebook.com\/moto.nautika\/\" \/>\n<meta property=\"article:modified_time\" content=\"2026-05-12T08:18:02+00:00\" \/>\n<meta property=\"og:image\" content=\"https:\/\/moto-nautika.com\/wp-content\/uploads\/2024\/03\/mn-banner-1200x675-1.webp\" \/>\n\t<meta property=\"og:image:width\" content=\"1200\" \/>\n\t<meta property=\"og:image:height\" content=\"675\" \/>\n\t<meta property=\"og:image:type\" content=\"image\/webp\" \/>\n<meta name=\"twitter:card\" content=\"summary_large_image\" \/>\n<script type=\"application\/ld+json\" class=\"yoast-schema-graph\">{\"@context\":\"https:\/\/schema.org\",\"@graph\":[{\"@type\":\"WebPage\",\"@id\":\"https:\/\/moto-nautika.com\/en\/pravila-in-pogoji-sodelovanja-v-nagradni-igri\/\",\"url\":\"https:\/\/moto-nautika.com\/en\/pravila-in-pogoji-sodelovanja-v-nagradni-igri\/\",\"name\":\"Pravila in pogoji sodelovanja v nagradni igri &#8212; Moto Nautika\",\"isPartOf\":{\"@id\":\"https:\/\/moto-nautika.com\/en\/#website\"},\"datePublished\":\"2024-12-17T13:22:21+00:00\",\"dateModified\":\"2026-05-12T08:18:02+00:00\",\"breadcrumb\":{\"@id\":\"https:\/\/moto-nautika.com\/en\/pravila-in-pogoji-sodelovanja-v-nagradni-igri\/#breadcrumb\"},\"inLanguage\":\"en-US\",\"potentialAction\":[{\"@type\":\"ReadAction\",\"target\":[\"https:\/\/moto-nautika.com\/en\/pravila-in-pogoji-sodelovanja-v-nagradni-igri\/\"]}]},{\"@type\":\"BreadcrumbList\",\"@id\":\"https:\/\/moto-nautika.com\/en\/pravila-in-pogoji-sodelovanja-v-nagradni-igri\/#breadcrumb\",\"itemListElement\":[{\"@type\":\"ListItem\",\"position\":1,\"name\":\"Domov\",\"item\":\"https:\/\/moto-nautika.com\/\"},{\"@type\":\"ListItem\",\"position\":2,\"name\":\"Pravila in pogoji sodelovanja v nagradni igri\"}]},{\"@type\":\"WebSite\",\"@id\":\"https:\/\/moto-nautika.com\/en\/#website\",\"url\":\"https:\/\/moto-nautika.com\/en\/\",\"name\":\"Moto Nautika\",\"description\":\"\",\"publisher\":{\"@id\":\"https:\/\/moto-nautika.com\/en\/#organization\"},\"potentialAction\":[{\"@type\":\"SearchAction\",\"target\":{\"@type\":\"EntryPoint\",\"urlTemplate\":\"https:\/\/moto-nautika.com\/en\/?s={search_term_string}\"},\"query-input\":{\"@type\":\"PropertyValueSpecification\",\"valueRequired\":true,\"valueName\":\"search_term_string\"}}],\"inLanguage\":\"en-US\"},{\"@type\":\"Organization\",\"@id\":\"https:\/\/moto-nautika.com\/en\/#organization\",\"name\":\"Moto Nautika\",\"url\":\"https:\/\/moto-nautika.com\/en\/\",\"logo\":{\"@type\":\"ImageObject\",\"inLanguage\":\"en-US\",\"@id\":\"https:\/\/moto-nautika.com\/en\/#\/schema\/logo\/image\/\",\"url\":\"https:\/\/moto-nautika.com\/wp-content\/uploads\/2024\/03\/mn-logo-1x1-1.webp\",\"contentUrl\":\"https:\/\/moto-nautika.com\/wp-content\/uploads\/2024\/03\/mn-logo-1x1-1.webp\",\"width\":850,\"height\":850,\"caption\":\"Moto Nautika\"},\"image\":{\"@id\":\"https:\/\/moto-nautika.com\/en\/#\/schema\/logo\/image\/\"},\"sameAs\":[\"https:\/\/www.facebook.com\/moto.nautika\/\",\"https:\/\/www.instagram.com\/motonautika\/\",\"https:\/\/www.youtube.com\/channel\/UCTY9_qhcetFugbdg3lley9w\"]}]}<\/script>\n<!-- \/ Yoast SEO Premium plugin. -->","yoast_head_json":{"title":"Pravila in pogoji sodelovanja v nagradni igri &#8212; Moto Nautika","robots":{"index":"index","follow":"follow","max-snippet":"max-snippet:-1","max-image-preview":"max-image-preview:large","max-video-preview":"max-video-preview:-1"},"canonical":"https:\/\/moto-nautika.com\/en\/pravila-in-pogoji-sodelovanja-v-nagradni-igri\/","og_locale":"en_US","og_type":"article","og_title":"Pravila in pogoji sodelovanja v nagradni igri","og_description":"Pravila in pogoji sodelovanja v nagradni igri Kje poteka nagradna igra in kdo lahko sodeluje v nagradni igri Nagradna igra poteka na obmo\u010dju Republike Slovenije. V njej lahko sodelujejo vsi dr\u017eavljani Republike Slovenije, razen zaposleni v podjetju Moto-Nautika d.o.o. in osebe, vklju\u010dene v organizacijo nagradne igre, skupaj z njihovimi o\u017ejimi dru\u017einskimi \u010dlani (partnerji, otroci, star\u0161i, [&hellip;]","og_url":"https:\/\/moto-nautika.com\/en\/pravila-in-pogoji-sodelovanja-v-nagradni-igri\/","og_site_name":"Moto Nautika","article_publisher":"https:\/\/www.facebook.com\/moto.nautika\/","article_modified_time":"2026-05-12T08:18:02+00:00","og_image":[{"width":1200,"height":675,"url":"https:\/\/moto-nautika.com\/wp-content\/uploads\/2024\/03\/mn-banner-1200x675-1.webp","type":"image\/webp"}],"twitter_card":"summary_large_image","schema":{"@context":"https:\/\/schema.org","@graph":[{"@type":"WebPage","@id":"https:\/\/moto-nautika.com\/en\/pravila-in-pogoji-sodelovanja-v-nagradni-igri\/","url":"https:\/\/moto-nautika.com\/en\/pravila-in-pogoji-sodelovanja-v-nagradni-igri\/","name":"Pravila in pogoji sodelovanja v nagradni igri &#8212; Moto Nautika","isPartOf":{"@id":"https:\/\/moto-nautika.com\/en\/#website"},"datePublished":"2024-12-17T13:22:21+00:00","dateModified":"2026-05-12T08:18:02+00:00","breadcrumb":{"@id":"https:\/\/moto-nautika.com\/en\/pravila-in-pogoji-sodelovanja-v-nagradni-igri\/#breadcrumb"},"inLanguage":"en-US","potentialAction":[{"@type":"ReadAction","target":["https:\/\/moto-nautika.com\/en\/pravila-in-pogoji-sodelovanja-v-nagradni-igri\/"]}]},{"@type":"BreadcrumbList","@id":"https:\/\/moto-nautika.com\/en\/pravila-in-pogoji-sodelovanja-v-nagradni-igri\/#breadcrumb","itemListElement":[{"@type":"ListItem","position":1,"name":"Domov","item":"https:\/\/moto-nautika.com\/"},{"@type":"ListItem","position":2,"name":"Pravila in pogoji sodelovanja v nagradni igri"}]},{"@type":"WebSite","@id":"https:\/\/moto-nautika.com\/en\/#website","url":"https:\/\/moto-nautika.com\/en\/","name":"Nautical Motor","description":"","publisher":{"@id":"https:\/\/moto-nautika.com\/en\/#organization"},"potentialAction":[{"@type":"SearchAction","target":{"@type":"EntryPoint","urlTemplate":"https:\/\/moto-nautika.com\/en\/?s={search_term_string}"},"query-input":{"@type":"PropertyValueSpecification","valueRequired":true,"valueName":"search_term_string"}}],"inLanguage":"en-US"},{"@type":"Organization","@id":"https:\/\/moto-nautika.com\/en\/#organization","name":"Nautical Motor","url":"https:\/\/moto-nautika.com\/en\/","logo":{"@type":"ImageObject","inLanguage":"en-US","@id":"https:\/\/moto-nautika.com\/en\/#\/schema\/logo\/image\/","url":"https:\/\/moto-nautika.com\/wp-content\/uploads\/2024\/03\/mn-logo-1x1-1.webp","contentUrl":"https:\/\/moto-nautika.com\/wp-content\/uploads\/2024\/03\/mn-logo-1x1-1.webp","width":850,"height":850,"caption":"Moto Nautika"},"image":{"@id":"https:\/\/moto-nautika.com\/en\/#\/schema\/logo\/image\/"},"sameAs":["https:\/\/www.facebook.com\/moto.nautika\/","https:\/\/www.instagram.com\/motonautika\/","https:\/\/www.youtube.com\/channel\/UCTY9_qhcetFugbdg3lley9w"]}]}},"_links":{"self":[{"href":"https:\/\/moto-nautika.com\/en\/wp-json\/wp\/v2\/pages\/20089"}],"collection":[{"href":"https:\/\/moto-nautika.com\/en\/wp-json\/wp\/v2\/pages"}],"about":[{"href":"https:\/\/moto-nautika.com\/en\/wp-json\/wp\/v2\/types\/page"}],"author":[{"embeddable":true,"href":"https:\/\/moto-nautika.com\/en\/wp-json\/wp\/v2\/users\/2"}],"replies":[{"embeddable":true,"href":"https:\/\/moto-nautika.com\/en\/wp-json\/wp\/v2\/comments?post=20089"}],"version-history":[{"count":56,"href":"https:\/\/moto-nautika.com\/en\/wp-json\/wp\/v2\/pages\/20089\/revisions"}],"predecessor-version":[{"id":34548,"href":"https:\/\/moto-nautika.com\/en\/wp-json\/wp\/v2\/pages\/20089\/revisions\/34548"}],"wp:attachment":[{"href":"https:\/\/moto-nautika.com\/en\/wp-json\/wp\/v2\/media?parent=20089"}],"curies":[{"name":"wp","href":"https:\/\/api.w.org\/{rel}","templated":true}]}}